{"id":7384,"date":"2025-10-12T11:35:20","date_gmt":"2025-10-12T17:35:20","guid":{"rendered":"https:\/\/industriachiquibul.com\/?page_id=7384"},"modified":"2026-01-07T11:02:32","modified_gmt":"2026-01-07T17:02:32","slug":"transparencia","status":"publish","type":"page","link":"https:\/\/industriachiquibul.com\/en\/transparencia\/","title":{"rendered":"Transparency"},"content":{"rendered":"<div data-elementor-type=\"wp-page\" data-elementor-id=\"7384\" class=\"elementor elementor-7384\" data-elementor-post-type=\"page\">\n\t\t\t\t\t\t<section class=\"elementor-section elementor-top-section elementor-element elementor-element-22213cf elementor-section-full_width elementor-section-height-default elementor-section-height-default\" data-id=\"22213cf\" data-element_type=\"section\" data-settings=\"{&quot;background_background&quot;:&quot;classic&quot;}\">\n\t\t\t\t\t\t\t<div class=\"elementor-background-overlay\"><\/div>\n\t\t\t\t\t\t\t<div class=\"elementor-container elementor-column-gap-default\">\n\t\t\t\t\t<div class=\"elementor-column elementor-col-100 elementor-top-column elementor-element elementor-element-f0d203d\" data-id=\"f0d203d\" data-element_type=\"column\">\n\t\t\t<div class=\"elementor-widget-wrap elementor-element-populated\">\n\t\t\t\t\t\t<div class=\"elementor-element elementor-element-74d341d elementor-widget elementor-widget-heading\" data-id=\"74d341d\" data-element_type=\"widget\" data-widget_type=\"heading.default\">\n\t\t\t\t<div class=\"elementor-widget-container\">\n\t\t\t<h2 class=\"elementor-heading-title elementor-size-default\">Transparency<\/h2>\t\t<\/div>\n\t\t\t\t<\/div>\n\t\t\t\t\t<\/div>\n\t\t<\/div>\n\t\t\t\t\t<\/div>\n\t\t<\/section>\n\t\t<div class=\"elementor-element elementor-element-f7d0383 e-flex e-con-boxed e-con e-parent\" data-id=\"f7d0383\" data-element_type=\"container\" id=\"transparencia\">\n\t\t\t\t\t<div class=\"e-con-inner\">\n\t\t<div class=\"elementor-element elementor-element-7b3688c e-con-full e-flex e-con e-child\" data-id=\"7b3688c\" data-element_type=\"container\">\n\t\t\t\t<div class=\"elementor-element elementor-element-794b1e0 elementor-widget elementor-widget-heading\" data-id=\"794b1e0\" data-element_type=\"widget\" data-widget_type=\"heading.default\">\n\t\t\t\t<div class=\"elementor-widget-container\">\n\t\t\t<h2 class=\"elementor-heading-title elementor-size-default\">Transparencia en Industria Chiquibul<\/h2>\t\t<\/div>\n\t\t\t\t<\/div>\n\t\t\t\t<div class=\"elementor-element elementor-element-c105afd elementor-widget elementor-widget-text-editor\" data-id=\"c105afd\" data-element_type=\"widget\" data-widget_type=\"text-editor.default\">\n\t\t\t\t<div class=\"elementor-widget-container\">\n\t\t\t\t\t\t\t<p>Industria Chiquibul opera bajo altos est\u00e1ndares de \u00e9tica, sostenibilidad y rendici\u00f3n de cuentas, asegur\u00e1ndose que cada decisi\u00f3n empresarial contribuya al bienestar colectivo. Por eso, ponemos a disposici\u00f3n de nuestros colaboradores, comunidades y clientes un espacio donde puedan conocer nuestros principios, presentar consultas o denuncias y acceder a documentos clave que refuerzan nuestro compromiso con el entorno.<\/p>\t\t\t\t\t\t<\/div>\n\t\t\t\t<\/div>\n\t\t\t\t<\/div>\n\t\t<div class=\"elementor-element elementor-element-622e8fa e-con-full e-flex e-con e-child\" data-id=\"622e8fa\" data-element_type=\"container\">\n\t\t\t\t<div class=\"elementor-element elementor-element-507bc12 elementor-widget elementor-widget-image\" data-id=\"507bc12\" data-element_type=\"widget\" data-widget_type=\"image.default\">\n\t\t\t\t<div class=\"elementor-widget-container\">\n\t\t\t\t\t\t\t\t\t\t\t\t\t<img fetchpriority=\"high\" decoding=\"async\" width=\"800\" height=\"534\" src=\"https:\/\/industriachiquibul.com\/wp-content\/uploads\/2025\/10\/RPG-00194-1024x683.jpg\" class=\"attachment-large size-large wp-image-7389\" alt=\"\" srcset=\"https:\/\/industriachiquibul.com\/wp-content\/uploads\/2025\/10\/RPG-00194-1024x683.jpg 1024w, https:\/\/industriachiquibul.com\/wp-content\/uploads\/2025\/10\/RPG-00194-300x200.jpg 300w, https:\/\/industriachiquibul.com\/wp-content\/uploads\/2025\/10\/RPG-00194-768x512.jpg 768w, https:\/\/industriachiquibul.com\/wp-content\/uploads\/2025\/10\/RPG-00194-1536x1024.jpg 1536w, https:\/\/industriachiquibul.com\/wp-content\/uploads\/2025\/10\/RPG-00194-2048x1365.jpg 2048w, https:\/\/industriachiquibul.com\/wp-content\/uploads\/2025\/10\/RPG-00194-18x12.jpg 18w\" sizes=\"(max-width: 800px) 100vw, 800px\" \/>\t\t\t\t\t\t\t\t\t\t\t\t\t<\/div>\n\t\t\t\t<\/div>\n\t\t\t\t<\/div>\n\t\t\t\t\t<\/div>\n\t\t\t\t<\/div>\n\t\t<div class=\"elementor-element elementor-element-68dd575 e-flex e-con-boxed e-con e-parent\" data-id=\"68dd575\" data-element_type=\"container\" id=\"principios\" data-settings=\"{&quot;background_background&quot;:&quot;classic&quot;,&quot;background_motion_fx_motion_fx_scrolling&quot;:&quot;yes&quot;,&quot;background_motion_fx_translateY_effect&quot;:&quot;yes&quot;,&quot;background_motion_fx_translateY_affectedRange&quot;:{&quot;unit&quot;:&quot;%&quot;,&quot;size&quot;:&quot;&quot;,&quot;sizes&quot;:{&quot;start&quot;:18,&quot;end&quot;:57}},&quot;background_motion_fx_translateY_speed&quot;:{&quot;unit&quot;:&quot;px&quot;,&quot;size&quot;:4,&quot;sizes&quot;:[]},&quot;background_motion_fx_devices&quot;:[&quot;desktop&quot;,&quot;tablet&quot;,&quot;mobile&quot;]}\">\n\t\t\t\t\t<div class=\"e-con-inner\">\n\t\t<div class=\"elementor-element elementor-element-6b1a810 e-con-full e-flex e-con e-child\" data-id=\"6b1a810\" data-element_type=\"container\">\n\t\t\t\t<\/div>\n\t\t<div class=\"elementor-element elementor-element-29a47d7 e-con-full e-flex e-con e-child\" data-id=\"29a47d7\" data-element_type=\"container\">\n\t\t\t\t<div class=\"elementor-element elementor-element-ac5016f elementor-widget elementor-widget-heading\" data-id=\"ac5016f\" data-element_type=\"widget\" data-widget_type=\"heading.default\">\n\t\t\t\t<div class=\"elementor-widget-container\">\n\t\t\t<h2 class=\"elementor-heading-title elementor-size-default\">Nuestros Valores<\/h2>\t\t<\/div>\n\t\t\t\t<\/div>\n\t\t\t\t<div class=\"elementor-element elementor-element-88634db elementor-widget elementor-widget-text-editor\" data-id=\"88634db\" data-element_type=\"widget\" data-widget_type=\"text-editor.default\">\n\t\t\t\t<div class=\"elementor-widget-container\">\n\t\t\t\t\t\t\t<p>Nuestra forma de trabajar est\u00e1 guiada por los principios establecidos en nuestro C\u00f3digo de \u00c9tica, que reflejan qui\u00e9nes somos y c\u00f3mo nos relacionamos con los dem\u00e1s.<\/p><p>Estos valores nos comprometen a actuar siempre con:<br \/>\u2022 Transparencia, para rendir cuentas con claridad y honestidad.<br \/>\u2022 Legalidad, cumpliendo las leyes nacionales e internacionales.<br \/>\u2022 Respeto, fomentando relaciones equitativas y justas.<br \/>\u2022 Honradez y confianza, como base de cada acci\u00f3n y decisi\u00f3n.<br \/>\u2022 Lealtad, hacia nuestros colaboradores, clientes y comunidades.<\/p><p>Estos principios orientan cada uno de nuestros procesos y son parte esencial de la cultura de Industria Chiquibul.<\/p>\t\t\t\t\t\t<\/div>\n\t\t\t\t<\/div>\n\t\t\t\t<\/div>\n\t\t\t\t\t<\/div>\n\t\t\t\t<\/div>\n\t\t<div class=\"elementor-element elementor-element-ade2c55 e-flex e-con-boxed e-con e-parent\" data-id=\"ade2c55\" data-element_type=\"container\" id=\"quejasyconsultas\">\n\t\t\t\t\t<div class=\"e-con-inner\">\n\t\t<div class=\"elementor-element elementor-element-e9f42f7 e-flex e-con-boxed e-con e-child\" data-id=\"e9f42f7\" data-element_type=\"container\">\n\t\t\t\t\t<div class=\"e-con-inner\">\n\t\t<div class=\"elementor-element elementor-element-5e2b19e e-flex e-con-boxed e-con e-child\" data-id=\"5e2b19e\" data-element_type=\"container\">\n\t\t\t\t\t<div class=\"e-con-inner\">\n\t\t\t\t<div class=\"elementor-element elementor-element-774545f elementor-widget elementor-widget-heading\" data-id=\"774545f\" data-element_type=\"widget\" data-widget_type=\"heading.default\">\n\t\t\t\t<div class=\"elementor-widget-container\">\n\t\t\t<h2 class=\"elementor-heading-title elementor-size-default\">Mecanismo de quejas y consultas<\/h2>\t\t<\/div>\n\t\t\t\t<\/div>\n\t\t\t\t<div class=\"elementor-element elementor-element-3951b6a elementor-widget elementor-widget-text-editor\" data-id=\"3951b6a\" data-element_type=\"widget\" data-widget_type=\"text-editor.default\">\n\t\t\t\t<div class=\"elementor-widget-container\">\n\t\t\t\t\t\t\t<p>Creemos en la importancia de escuchar y atender las preocupaciones de quienes perciben un impacto directo o indirecto en su diario vivir como resultado de las operaciones de Industria Chiquibul. Por eso, hemos habilitado un mecanismo de quejas y consultas para que colaboradores, comunidades y clientes puedan:<\/p><ul><li>Denunciar pr\u00e1cticas que vayan en contra de nuestro C\u00f3digo de \u00c9tica o con las pol\u00edticas de sostenibilidad.<\/li><li>Solicitar informaci\u00f3n o aclarar dudas sobre nuestra forma de actuar.<\/li><li>Aportar sugerencias que contribuyan a mejorar nuestras operaciones y relaciones.<\/li><\/ul><p>Este mecanismo es confidencial, seguro y accesible.<\/p><p>Puedes presentar tu queja o consulta escribiendo al <a href=\"mailto:quejas@uhi.com.gt\">quejas@uhi.com.gt<\/a>, llamando sin costo al 1-801-00-04040 o llenando tu solicitud en nuestra plataforma en l\u00ednea.<\/p>\t\t\t\t\t\t<\/div>\n\t\t\t\t<\/div>\n\t\t\t\t<div class=\"elementor-element elementor-element-12a1bee elementor-align-center elementor-widget elementor-widget-button\" data-id=\"12a1bee\" data-element_type=\"widget\" data-widget_type=\"button.default\">\n\t\t\t\t<div class=\"elementor-widget-container\">\n\t\t\t\t\t<div class=\"elementor-button-wrapper\">\n\t\t\t<a class=\"elementor-button elementor-button-link elementor-size-sm\" href=\"http:\/\/www.diloseguro.com\/chiquibul\">\n\t\t\t\t\t\t<span class=\"elementor-button-content-wrapper\">\n\t\t\t\t\t\t<span class=\"elementor-button-icon elementor-align-icon-right\">\n\t\t\t\t<i aria-hidden=\"true\" class=\"fas fa-external-link-alt\"><\/i>\t\t\t<\/span>\n\t\t\t\t\t\t\t\t\t<span class=\"elementor-button-text\">Presenta tu consulta en l\u00ednea<\/span>\n\t\t\t\t\t<\/span>\n\t\t\t\t\t<\/a>\n\t\t<\/div>\n\t\t\t\t<\/div>\n\t\t\t\t<\/div>\n\t\t\t\t\t<\/div>\n\t\t\t\t<\/div>\n\t\t<div class=\"elementor-element elementor-element-b401b64 e-flex e-con-boxed e-con e-child\" data-id=\"b401b64\" data-element_type=\"container\">\n\t\t\t\t\t<div class=\"e-con-inner\">\n\t\t\t\t<div class=\"elementor-element elementor-element-31b2b49 elementor-widget elementor-widget-video\" data-id=\"31b2b49\" data-element_type=\"widget\" data-settings=\"{&quot;youtube_url&quot;:&quot;https:\\\/\\\/www.youtube.com\\\/watch?v=s6HKflB1pCA&quot;,&quot;video_type&quot;:&quot;youtube&quot;,&quot;controls&quot;:&quot;yes&quot;}\" data-widget_type=\"video.default\">\n\t\t\t\t<div class=\"elementor-widget-container\">\n\t\t\t\t\t<div class=\"elementor-wrapper elementor-open-inline\">\n\t\t\t<div class=\"elementor-video\"><\/div>\t\t<\/div>\n\t\t\t\t<\/div>\n\t\t\t\t<\/div>\n\t\t\t\t\t<\/div>\n\t\t\t\t<\/div>\n\t\t\t\t\t<\/div>\n\t\t\t\t<\/div>\n\t\t\t\t\t<\/div>\n\t\t\t\t<\/div>\n\t\t<div class=\"elementor-element elementor-element-6ae9a17 e-flex e-con-boxed e-con e-parent\" data-id=\"6ae9a17\" data-element_type=\"container\" data-settings=\"{&quot;background_background&quot;:&quot;classic&quot;}\">\n\t\t\t\t\t<div class=\"e-con-inner\">\n\t\t<div class=\"elementor-element elementor-element-99c8d2c e-con-full e-flex e-con e-child\" data-id=\"99c8d2c\" data-element_type=\"container\">\n\t\t\t\t<div class=\"elementor-element elementor-element-7f13d5d elementor-widget elementor-widget-heading\" data-id=\"7f13d5d\" data-element_type=\"widget\" data-widget_type=\"heading.default\">\n\t\t\t\t<div class=\"elementor-widget-container\">\n\t\t\t<h2 class=\"elementor-heading-title elementor-size-default\">Material Adicional<\/h2>\t\t<\/div>\n\t\t\t\t<\/div>\n\t\t\t\t<div class=\"elementor-element elementor-element-2fbb390 elementor-widget elementor-widget-text-editor\" data-id=\"2fbb390\" data-element_type=\"widget\" data-widget_type=\"text-editor.default\">\n\t\t\t\t<div class=\"elementor-widget-container\">\n\t\t\t\t\t\t\t<p>Ponemos a disposici\u00f3n documentos que refuerzan nuestro compromiso con la \u00e9tica y la transparencia. Puedes descargarlos aqu\u00ed.<\/p>\t\t\t\t\t\t<\/div>\n\t\t\t\t<\/div>\n\t\t\t\t<\/div>\n\t\t<div class=\"elementor-element elementor-element-68f0f96 e-con-full e-flex e-con e-child\" data-id=\"68f0f96\" data-element_type=\"container\">\n\t\t\t\t<div class=\"elementor-element elementor-element-060565f elementor-position-left elementor-vertical-align-middle elementor-widget elementor-widget-image-box\" data-id=\"060565f\" data-element_type=\"widget\" data-widget_type=\"image-box.default\">\n\t\t\t\t<div class=\"elementor-widget-container\">\n\t\t\t<div class=\"elementor-image-box-wrapper\"><figure class=\"elementor-image-box-img\"><a href=\"https:\/\/industriachiquibul.com\/wp-content\/uploads\/2025\/10\/Codigo_de_etica.pdf\" tabindex=\"-1\"><img decoding=\"async\" width=\"98\" height=\"128\" src=\"https:\/\/industriachiquibul.com\/wp-content\/uploads\/2025\/10\/pdf-download-2617.png\" class=\"attachment-full size-full wp-image-7397\" alt=\"\" srcset=\"https:\/\/industriachiquibul.com\/wp-content\/uploads\/2025\/10\/pdf-download-2617.png 98w, https:\/\/industriachiquibul.com\/wp-content\/uploads\/2025\/10\/pdf-download-2617-9x12.png 9w\" sizes=\"(max-width: 98px) 100vw, 98px\" \/><\/a><\/figure><div class=\"elementor-image-box-content\"><h3 class=\"elementor-image-box-title\"><a href=\"https:\/\/industriachiquibul.com\/wp-content\/uploads\/2025\/10\/Codigo_de_etica.pdf\">C\u00f3digo de \u00c9tica de Industria Chiquibul<\/a><\/h3><\/div><\/div>\t\t<\/div>\n\t\t\t\t<\/div>\n\t\t\t\t<div class=\"elementor-element elementor-element-eaf9f66 elementor-position-left elementor-vertical-align-middle elementor-widget elementor-widget-image-box\" data-id=\"eaf9f66\" data-element_type=\"widget\" data-widget_type=\"image-box.default\">\n\t\t\t\t<div class=\"elementor-widget-container\">\n\t\t\t<div class=\"elementor-image-box-wrapper\"><figure class=\"elementor-image-box-img\"><a href=\"https:\/\/industriachiquibul.com\/wp-content\/uploads\/2025\/10\/Mecanismo_de_Atencioi\u0300n_a_Quejas_y_Consultas_.pdf\" tabindex=\"-1\"><img decoding=\"async\" width=\"98\" height=\"128\" src=\"https:\/\/industriachiquibul.com\/wp-content\/uploads\/2025\/10\/pdf-download-2617.png\" class=\"attachment-full size-full wp-image-7397\" alt=\"\" srcset=\"https:\/\/industriachiquibul.com\/wp-content\/uploads\/2025\/10\/pdf-download-2617.png 98w, https:\/\/industriachiquibul.com\/wp-content\/uploads\/2025\/10\/pdf-download-2617-9x12.png 9w\" sizes=\"(max-width: 98px) 100vw, 98px\" \/><\/a><\/figure><div class=\"elementor-image-box-content\"><h3 class=\"elementor-image-box-title\"><a href=\"https:\/\/industriachiquibul.com\/wp-content\/uploads\/2025\/10\/Mecanismo_de_Atencioi\u0300n_a_Quejas_y_Consultas_.pdf\">Manual de Mecanismo de Quejas y Consultas<\/a><\/h3><\/div><\/div>\t\t<\/div>\n\t\t\t\t<\/div>\n\t\t\t\t<div class=\"elementor-element elementor-element-774b4e6 elementor-hidden-desktop elementor-hidden-tablet elementor-hidden-mobile elementor-widget elementor-widget-button\" data-id=\"774b4e6\" data-element_type=\"widget\" data-widget_type=\"button.default\">\n\t\t\t\t<div class=\"elementor-widget-container\">\n\t\t\t\t\t<div class=\"elementor-button-wrapper\">\n\t\t\t<a class=\"elementor-button elementor-button-link elementor-size-sm\" href=\"#\">\n\t\t\t\t\t\t<span class=\"elementor-button-content-wrapper\">\n\t\t\t\t\t\t\t\t\t<span class=\"elementor-button-text\">Otros documentos relacionados<\/span>\n\t\t\t\t\t<\/span>\n\t\t\t\t\t<\/a>\n\t\t<\/div>\n\t\t\t\t<\/div>\n\t\t\t\t<\/div>\n\t\t\t\t<\/div>\n\t\t\t\t\t<\/div>\n\t\t\t\t<\/div>\n\t\t\t\t<\/div>","protected":false},"excerpt":{"rendered":"<p>Transparencia &#8211; Industria Chiquibul opera bajo altos est\u00e1ndares de \u00e9tica, sostenibilidad y rendici\u00f3n de cuentas, asegur\u00e1ndose que cada decisi\u00f3n empresarial contribuya al bienestar colectivo.<\/p>","protected":false},"author":4,"featured_media":0,"parent":0,"menu_order":0,"comment_status":"closed","ping_status":"closed","template":"elementor_header_footer","meta":{"_acf_changed":false,"om_disable_all_campaigns":false,"_monsterinsights_skip_tracking":false,"_monsterinsights_sitenote_active":false,"_monsterinsights_sitenote_note":"","_monsterinsights_sitenote_category":0,"footnotes":""},"class_list":["post-7384","page","type-page","status-publish","hentry"],"acf":[],"aioseo_notices":[],"_links":{"self":[{"href":"https:\/\/industriachiquibul.com\/en\/wp-json\/wp\/v2\/pages\/7384","targetHints":{"allow":["GET"]}}],"collection":[{"href":"https:\/\/industriachiquibul.com\/en\/wp-json\/wp\/v2\/pages"}],"about":[{"href":"https:\/\/industriachiquibul.com\/en\/wp-json\/wp\/v2\/types\/page"}],"author":[{"embeddable":true,"href":"https:\/\/industriachiquibul.com\/en\/wp-json\/wp\/v2\/users\/4"}],"replies":[{"embeddable":true,"href":"https:\/\/industriachiquibul.com\/en\/wp-json\/wp\/v2\/comments?post=7384"}],"version-history":[{"count":62,"href":"https:\/\/industriachiquibul.com\/en\/wp-json\/wp\/v2\/pages\/7384\/revisions"}],"predecessor-version":[{"id":7593,"href":"https:\/\/industriachiquibul.com\/en\/wp-json\/wp\/v2\/pages\/7384\/revisions\/7593"}],"wp:attachment":[{"href":"https:\/\/industriachiquibul.com\/en\/wp-json\/wp\/v2\/media?parent=7384"}],"curies":[{"name":"wp","href":"https:\/\/api.w.org\/{rel}","templated":true}]}}