{"id":2128,"date":"2020-09-03T16:36:16","date_gmt":"2020-09-03T14:36:16","guid":{"rendered":"https:\/\/industriachiquibul.com\/?page_id=2128"},"modified":"2023-11-13T13:58:37","modified_gmt":"2023-11-13T19:58:37","slug":"aviso-legal","status":"publish","type":"page","link":"https:\/\/industriachiquibul.com\/en\/aviso-legal\/","title":{"rendered":"Legal Notice"},"content":{"rendered":"<div data-elementor-type=\"wp-page\" data-elementor-id=\"2128\" class=\"elementor elementor-2128\" data-elementor-post-type=\"page\">\n\t\t\t\t\t\t<section class=\"elementor-section elementor-top-section elementor-element elementor-element-52f42bf elementor-section-boxed elementor-section-height-default elementor-section-height-default\" data-id=\"52f42bf\" data-element_type=\"section\">\n\t\t\t\t\t\t<div class=\"elementor-container elementor-column-gap-default\">\n\t\t\t\t\t<div class=\"elementor-column elementor-col-100 elementor-top-column elementor-element elementor-element-6e068e8\" data-id=\"6e068e8\" data-element_type=\"column\">\n\t\t\t<div class=\"elementor-widget-wrap elementor-element-populated\">\n\t\t\t\t\t\t<div class=\"elementor-element elementor-element-0db39e1 elementor-widget elementor-widget-heading\" data-id=\"0db39e1\" data-element_type=\"widget\" data-widget_type=\"heading.default\">\n\t\t\t\t<div class=\"elementor-widget-container\">\n\t\t\t<h1 class=\"elementor-heading-title elementor-size-default\">Aviso legal<\/h1>\t\t<\/div>\n\t\t\t\t<\/div>\n\t\t\t\t\t<\/div>\n\t\t<\/div>\n\t\t\t\t\t<\/div>\n\t\t<\/section>\n\t\t\t\t<section class=\"elementor-section elementor-top-section elementor-element elementor-element-ddcb103 elementor-section-full_width elementor-section-height-default elementor-section-height-default\" data-id=\"ddcb103\" data-element_type=\"section\">\n\t\t\t\t\t\t<div class=\"elementor-container elementor-column-gap-default\">\n\t\t\t\t\t<div class=\"elementor-column elementor-col-100 elementor-top-column elementor-element elementor-element-a38c1bb\" data-id=\"a38c1bb\" data-element_type=\"column\">\n\t\t\t<div class=\"elementor-widget-wrap elementor-element-populated\">\n\t\t\t\t\t\t<div class=\"elementor-element elementor-element-54001b0 elementor-widget elementor-widget-text-editor\" data-id=\"54001b0\" data-element_type=\"widget\" data-widget_type=\"text-editor.default\">\n\t\t\t\t<div class=\"elementor-widget-container\">\n\t\t\t\t\t\t\t<p>La empresa <strong>INDUSTRIA CHIQUIBUL, SOCIEDAD AN\u00d3NIMA<\/strong> le invita a visitar nuestro Sitio Web de Internet. Esperamos que la informaci\u00f3n de nuestros sitios web sea completa y \u00fatil. Por motivos de conveniencia, las referencias a \u201cSitio Web\u201d se referir\u00e1n al Sitio Web de Internet de <strong>INDUSTRIA CHIQUIBUL, SOCIEDAD AN\u00d3NIMA.<\/strong> Hacemos esta Declaraci\u00f3n Legal para establecer con claridad los t\u00e9rminos y condiciones aplicables al Sitio Web y al uso de la informaci\u00f3n contenida en el mismo. Al acceder, navegar o utilizar nuestro Sitio Web de cualquier otra forma, usted acepta, sin limitaci\u00f3n o calificaci\u00f3n alguna, y se somete a los t\u00e9rminos y condiciones previstas en esta Declaraci\u00f3n Legal (\u201clos T\u00e9rminos y Condiciones\u201d) y todas las leyes aplicables.<\/p><p>El acceso al Sitio Web es gratuito y libre siempre que el usuario acepte las condiciones de uso que se le muestren al entrar seg\u00fan la legislaci\u00f3n vigente. Si el usuario se suscribe a cualquier servicio del Sitio Web lo har\u00e1 aceptando las Condiciones de Uso y Pol\u00edtica de Privacidad y Cookies que se le mostrar\u00e1n.<\/p><p><strong>T\u00c9RMINOS Y CONDICIONES <\/strong><\/p><p>El Sitio Web fue creado para uso informativo y \u00fatil por lo tanto, le permitiremos divulgar, bajar y copiar el material mostrado o publicado en el Sitio Web para fines <strong>NO COMERCIALES y SU USO PERSONAL<\/strong>, siempre que nuestras marcas, derechos de autor y dem\u00e1s informaci\u00f3n patentada sean visiblemente incluidas en tales materiales. Sin embargo, no podr\u00e1 copiar, divulgar, distribuir, modificar, publicar, reutilizar, volver a publicar, reproducir, vender, transmitir o utilizar tal material de cualquier otra forma para fines p\u00fablicos o comerciales, ni podr\u00e1 utilizar tal material para crear cualquier otra publicaci\u00f3n, servicios en l\u00ednea o sitios de internet, sin el consentimiento escrito de la entidad<strong> INDUSTRIA CHIQUIBUL, SOCIEDAD AN\u00d3NIMA. <\/strong><\/p><p><strong>PROPIEDAD INTELECTUAL <\/strong><\/p><p>Usted debe asumir que todas las im\u00e1genes, texto, audio y dem\u00e1s contenidos mostrados o publicados en el Sitio (b\u00e1sicamente todo lo que ve, lee o escucha en el mismo) est\u00e1n protegidos por derechos de autor pertenecientes a Industria Chiquibul, Sociedad An\u00f3nima y \u00fanicamente puede ser utilizado de la manera prevista en estos T\u00e9rminos y Condiciones. Adicionalmente, el Sitio contiene diversos nombres, logotipos, nombres comerciales, marcas registradas, marcas de servicio y otra informaci\u00f3n patentada que son propiedad de Industria Chiquibul, Sociedad An\u00f3nima y no pueden ser utilizados para ning\u00fan fin sin el consentimiento escrito de Industria Chiquibul, Sociedad An\u00f3nima.<\/p><p>Mediante estas condiciones legales no se cede ning\u00fan derecho de propiedad intelectual o industrial sobre este Sitio Web y sus contenidos (fotogr\u00e1ficos, videos, creaciones, textos) Quedando expresamente prohibido al usuario la reproducci\u00f3n transformaci\u00f3n distribuci\u00f3n, comunicaci\u00f3n p\u00fablica, puesta a disposici\u00f3n, extracci\u00f3n, reutilizaci\u00f3n, reenv\u00edo o la utilizaci\u00f3n de cualquier naturaleza, por cualquier medio o procedimiento, de cualquiera de ellos, salvo en los casos en que est\u00e9 legalmente permitido o sea autorizado por escrito por la entidad Industria Chiquibul, Sociedad An\u00f3nima.<\/p><p>El contenido de este Sitio Web se desarroll\u00f3 para mantenerlo informado sobre los productos y acontecimientos de Industria Chiquibul, Sociedad An\u00f3nima y a pesar de que nuestra intenci\u00f3n es brindarle informaci\u00f3n precisa y actual a trav\u00e9s del Sitio, no podemos garantizar que toda la informaci\u00f3n all\u00ed suministrada est\u00e9 libre de errores u omisiones. Por lo tanto, no podemos emitir aseveraciones o garant\u00edas en cuanto a la exactitud, idoneidad, integridad, utilidad o precisi\u00f3n del contenido del Sitio Web. Sin perjuicio a lo anterior, todo aquello disponible en el Sitio Web se le ofrece de la manera m\u00e1s ACTUAL POSIBLE, SIN GARANT\u00cdA DE NING\u00daN TIPO, YA SEA EXPRESA O IMPL\u00cdCITA, INCLUYENDO SIN LIMITACI\u00d3N ALGUNA LAS GARANT\u00cdAS IMPL\u00cdCITAS DE COMERCIABILIDAD, IDONEIDAD PARA UN FIN ESPEC\u00cdFICO O AUSENCIA DE INFRACCIONES. ADEM\u00c1S, INDUSTRIA CHIQUIBUL, SOCIEDAD AN\u00d3NIMA. NO GARANTIZA QUE EL SITIO O LOS SERVIDORES QUE BRINDAN ACCESO AL MISMO NO CONTENGAN \u201cVIRUS\u201d INFORM\u00c1TICOS U OTROS COMPONENTES DA\u00d1INOS.<\/p><p>INDUSTRIA CHIQUIBUL, SOCIEDAD AN\u00d3NIMA. NO TENDR\u00c1 RESPONSABILIDAD ALGUNA POR CUALQUIER DA\u00d1O DIRECTO, INDIRECTO, ESPECIAL, INCIDENTAL, CONSECUENTE O PUNITIVO U OTRO TIPO DE DA\u00d1O, INCLUSO SI INDUSTRIA CHIQUIBUL, SOCIEDAD AN\u00d3NIMA. HA SIDO NOTIFICADO DE LA POSIBILIDAD DEL MISMO, QUE PUEDA SURGIR POR EL USO QUE USTED HAGA DEL SITIO O CUALQUIER INFORMACI\u00d3N CONTENIDA EN EL SITIO.<\/p><p>Usted acuerda indemnizar, proteger y mantener indemne a Industria Chiquibul, Sociedad An\u00f3nima, sus funcionarios, directores, empleados, agentes y los sucesores y cesionarios de \u00e9stos, contra todas las acciones, reclamaciones, da\u00f1os, requerimientos, gastos (incluyendo honorarios de abogados), responsabilidades, p\u00e9rdidas y demandas que puedan surgir con respecto o como consecuencia de cualquier violaci\u00f3n de estos T\u00e9rminos y Condiciones.<\/p><p>En general, no debe considerar que el material, comunicaci\u00f3n o informaci\u00f3n que usted suministre al Sitio ser\u00e1 confidencial o privada. Todas esas transmisiones ser\u00e1n tratadas de acuerdo a nuestra Pol\u00edtica de Privacidad.<\/p><p><strong>NORMAS GENERALES DE USO <\/strong><\/p><p>El Usuario se Obliga a utilizar este Sitio Web de forma diligente, correcta y respetuosa, en especial cuando publique opiniones y\/o comentarios.<\/p><p>De igual forma se obliga a t\u00edtulo meramente enunciativo a no realizar comentarios o acciones: difamatorios, inexactos, falsos, abusivos, injuriosos, obscenos, irreverentes, ofensivos, insultantes, t\u00e1cita o expresamente sexuales, amenazantes, acosadores, racistas, sexistas, discriminatorios por cualquier motivo, que atenten contra la moral, el orden p\u00fablico, los derechos fundamentales, las libertas p\u00fablicas, el honor, la intimidad o la imagen de terceros y en general la normativa vigente, y\/o ilegales o infractores de derechos de terceros, transmisores de correo basura, \u201cSPAM\u201d, mensajes con fines comerciales, \u201ccartas en cadena\u201d o mailings masivos no solicitados, falsos, enga\u00f1osos o promuevan actividades ilegales o conducta grosera, amenazante, obscena, difamatoria o injuriosa, que suministren informaci\u00f3n pr\u00e1ctica sobre actividades ilegales, que conlleven cualquier actividad comercial, publicidad o ventas, incluso aunque no haya contraprestaci\u00f3n monetaria, que contengan datos de car\u00e1cter personal sobre terceras personas que requieran el consentimiento del propietario o titular de los derechos.<\/p><p>Al invitarlo a expresar sus comentarios y opiniones a trav\u00e9s de correo electr\u00f3nico, correo postal o por v\u00eda telef\u00f3nica con respecto al Sitio Web de Industria Chiquibul, Sociedad An\u00f3nima o cualquiera de nuestros productos o servicios, nuestra intenci\u00f3n no es solicitar ideas, sugerencias o materiales relativos al desarrollo, dise\u00f1o o comercializaci\u00f3n de nuestros productos o servicios. Si Usted nos env\u00eda cualquier idea propuesta u otra informaci\u00f3n de ese tipo, debe entender que la misma se considerar\u00e1 informaci\u00f3n no patentada y no confidencial, y que la misma podr\u00e1 ser utilizada por Industria Chiquibul, Sociedad An\u00f3nima, para cualquier prop\u00f3sito, ya sea comercial o de cualquier tipo, sin compensaci\u00f3n alguna por la misma.<\/p><p>El Usuario responder\u00e1 frente al Sitio Web o frente a cualquier tercero, de cualesquiera da\u00f1os y perjuicios que pudieran causarse como consecuencia del incumplimiento de dicha obligaci\u00f3n.<\/p><p><strong>MODIFICACI\u00d3N DEL SERVICIO <\/strong><\/p><p>El Sitio Web de Industria Chiquibul, Sociedad An\u00f3nima se reserva el derecho de modificar el contenido de esta Declaraci\u00f3n Legal, incluyendo sin limitaci\u00f3n cualesquiera T\u00e9rminos y Condiciones, en cualquier momento y a nuestra entera discreci\u00f3n. Usted debe cumplir con tales revisiones y por lo tanto deber\u00e1 acceder peri\u00f3dicamente a esta Declaraci\u00f3n Legal para revisar los T\u00e9rminos y Condiciones actuales a las que est\u00e1 sujeto.<\/p><p>Nos reservamos el derecho de interrumpir o suspender cualquier y toda funci\u00f3n del Sitio Web o cualquier parte del mismo, por cualquier motivo y en cualquier momento. Tambi\u00e9n nos reservamos el derecho de modificar, cambiar o mejorar el Sitio o cualquier parte del mismo en cualquier momento y sin notificaci\u00f3n alguna.<\/p><p><strong>OBLIGACIONES DEL SITIO WEB <\/strong><\/p><p>El Sitio Web es responsable de los servicios que presta por ella misma y de los contenidos directamente originados por la propia web e identificados con su correspondiente copyright.<\/p><p>El Sitio Web adoptar\u00e1 las medidas necesarias que permitan garantizar la seguridad y privacidad en la comunicaciones.<\/p><p>El Sitio Web se reserva el derecho a suspender temporalmente la prestaci\u00f3n del servicio sin previo aviso al Usuario, siempre y cuando sea necesario para efectuar operaciones de mantenimiento, actualizaci\u00f3n o mejora del servicio.<\/p><p>El Sitio Web no puede asegurar la disponibilidad y continuidad permanente del servicio web debido a interrupciones, fallos, etc.<\/p><p><strong>SERVICIOS OFRECIDOS POR TERCEROS <\/strong><\/p><p>Para prestar servicios estrictamente necesarios para su adecuado funcionamiento el Sitio Web utiliza los siguientes prestadores de servicios bajo sus correspondientes condiciones de privacidad:<\/p><p>Google Analytics, para estad\u00edsticas <a href=\"https:\/\/policies.google.com\/privacy?hl=es\">https:\/\/policies.google.com\/privacy?hl=es<\/a><\/p><p><strong>PLUGINS SOCIALES<\/strong><\/p><p>En nuestro Sitio Web ofrecemos enlaces y servicios relacionados con diferentes redes sociales. Si el Usuario es miembro de una red social y hace clic sobre el correspondiente enlace, el proveedor de la red social podr\u00e1 enlazar sus datos de perfil con la informaci\u00f3n de su visita a Sitio Web.<\/p><p>Por tanto, el Usuario debe estar informado sobre las funciones y pol\u00edticas sobre el tratamiento de sus datos personales de la respectiva red social. Tanto si accede a una de nuestras p\u00e1ginas web con alguno de sus perfiles en redes sociales o comparte informaci\u00f3n a trav\u00e9s de ellos.<\/p><p>El Usuario puedes acceder en todo momento a las pol\u00edticas de privacidad de las diferentes redes sociales, as\u00ed como configurar su perfil para garantizar su privacidad.<\/p><p>Facebook: <a href=\"https:\/\/www.facebook.com\/industriachiquibul\">https:\/\/www.facebook.com\/industriachiquibul<\/a>\/<\/p><p>Twitter: <a href=\"https:\/\/twitter.com\/IChiquibul\">https:\/\/twitter.com\/IChiquibul <\/a><\/p><p><strong>ACEPTACI\u00d3N, CONSENTIMIENTO Y REVOCABILIDAD <\/strong><\/p><p>El Usuario declara haber sido informado de las presentes condiciones sobre protecci\u00f3n de datos de car\u00e1cter personal, aceptando y consintiendo el tratamiento de los mismos por parte del Sitio Web en la forma y para las finalidades indicadas en el Aviso Legal.<\/p><p>En cualquier momento el Usuario podr\u00e1 revocar sus datos, pero sin afectar a acciones ya realizadas en el pasado, es decir sin car\u00e1cter retroactivo.<\/p><p><strong>POL\u00cdTICAS DE COOKIES<\/strong><\/p><p>Deseamos informarte que Sitio Web utiliza cookies para medir y analizar la navegaci\u00f3n de nuestros usuarios.<\/p><p>Las cookies son unos archivos que se instalan en el equipo desde el que accedes a Sitio Web con las finalidades que se describen en esta p\u00e1gina.<\/p><p>Las aplicaciones que utilizamos para obtener informaci\u00f3n de la navegaci\u00f3n, medir y analizar la audiencia son:<\/p><p>Google Analytics: <a href=\"http:\/\/www.addthis.com\/privacy\/privacy-policy\">http:\/\/www.addthis.com\/privacy\/privacy-policy <\/a><\/p><p>Estas aplicaciones han sido desarrolladas por Google, que nos prestan el servicio de medici\u00f3n y an\u00e1lisis de la audiencia de nuestras p\u00e1ginas. Asimismo ellas mismas pueden utilizar estos datos para mejorar sus propios servicios y para ofrecer servicios a otras empresas. Puedes conocer esos otros usos desde los enlaces indicados.<\/p><p>Estas herramientas no obtienen datos sobre tu nombre o apellidos ni de la direcci\u00f3n postal desde donde te conectas. La informaci\u00f3n que obtienen est\u00e1 relacionada con el n\u00famero de p\u00e1ginas visitas, el idioma, red social en la que se publican nuestras noticias, la ciudad a la que est\u00e1 asignada la direcci\u00f3n IP desde la que accedes, el n\u00famero de nuevos usuarios, la frecuencia y reincidencia de las visitas, el tiempo de visita, el navegador y el operador o tipo de terminal desde el que se realiza la visita.<\/p><p>Esta informaci\u00f3n la utilizamos para mejorar nuestras p\u00e1ginas, detectar nuevas necesidades y valorar las mejoras a introducir con la finalidad de prestar un mejor servicio a los usuarios que nos visitan adapt\u00e1ndolas por ejemplo a los navegadores o terminales m\u00e1s utilizados.<\/p><p>Para permitir, conocer, bloquear o eliminar las cookies instaladas en tu equipo puedes hacerlo mediante la configuraci\u00f3n de las opciones del navegador instalado en tu ordenador.<\/p>\t\t\t\t\t\t<\/div>\n\t\t\t\t<\/div>\n\t\t\t\t\t<\/div>\n\t\t<\/div>\n\t\t\t\t\t<\/div>\n\t\t<\/section>\n\t\t\t\t<\/div>","protected":false},"excerpt":{"rendered":"<p>Aviso legal La empresa INDUSTRIA CHIQUIBUL, SOCIEDAD AN\u00d3NIMA le invita a visitar nuestro Sitio Web de Internet. Esperamos que la informaci\u00f3n de nuestros sitios web sea completa y \u00fatil. Por motivos de conveniencia, las referencias a \u201cSitio Web\u201d se referir\u00e1n al Sitio Web de Internet de INDUSTRIA CHIQUIBUL, SOCIEDAD AN\u00d3NIMA. Hacemos esta Declaraci\u00f3n Legal para [&hellip;]<\/p>","protected":false},"author":3,"featured_media":0,"parent":0,"menu_order":0,"comment_status":"closed","ping_status":"closed","template":"elementor_header_footer","meta":{"_acf_changed":false,"om_disable_all_campaigns":false,"_monsterinsights_skip_tracking":false,"_monsterinsights_sitenote_active":false,"_monsterinsights_sitenote_note":"","_monsterinsights_sitenote_category":0,"footnotes":""},"class_list":["post-2128","page","type-page","status-publish","hentry"],"acf":[],"aioseo_notices":[],"_links":{"self":[{"href":"https:\/\/industriachiquibul.com\/en\/wp-json\/wp\/v2\/pages\/2128","targetHints":{"allow":["GET"]}}],"collection":[{"href":"https:\/\/industriachiquibul.com\/en\/wp-json\/wp\/v2\/pages"}],"about":[{"href":"https:\/\/industriachiquibul.com\/en\/wp-json\/wp\/v2\/types\/page"}],"author":[{"embeddable":true,"href":"https:\/\/industriachiquibul.com\/en\/wp-json\/wp\/v2\/users\/3"}],"replies":[{"embeddable":true,"href":"https:\/\/industriachiquibul.com\/en\/wp-json\/wp\/v2\/comments?post=2128"}],"version-history":[{"count":9,"href":"https:\/\/industriachiquibul.com\/en\/wp-json\/wp\/v2\/pages\/2128\/revisions"}],"predecessor-version":[{"id":4382,"href":"https:\/\/industriachiquibul.com\/en\/wp-json\/wp\/v2\/pages\/2128\/revisions\/4382"}],"wp:attachment":[{"href":"https:\/\/industriachiquibul.com\/en\/wp-json\/wp\/v2\/media?parent=2128"}],"curies":[{"name":"wp","href":"https:\/\/api.w.org\/{rel}","templated":true}]}}